{"id":6,"date":"2019-10-23T07:05:39","date_gmt":"2019-10-23T07:05:39","guid":{"rendered":"http:\/\/skydive-haeusler.de\/?page_id=6"},"modified":"2026-03-03T09:53:38","modified_gmt":"2026-03-03T08:53:38","slug":"world-pops-meet","status":"publish","type":"page","link":"https:\/\/www.pops-deutschland.de\/?page_id=6","title":{"rendered":"World POPS Meet"},"content":{"rendered":"\n<p><\/p>\n\n\n\n<h3 class=\"wp-block-heading\">World POPS Meet 2026 in Piotrkow Trybunalski, Polen<\/h3>\n\n\n\n<p>vom <strong>10. Juni bis 20. Juni<\/strong> bei Sky Force (Piotrkow Trybunalski)<\/p>\n\n\n\n<p>>>> Homepage: <a href=\"https:\/\/pops.skyforce.pl\/en\/pops-championship\/\" target=\"_blank\" rel=\"noreferrer noopener\">https:\/\/pops.skyforce.pl\/en\/pops-championship\/<\/a><br><a href=\"http:\/\/www.pops-deutschland.de\/wp-content\/uploads\/2026\/03\/Bulletin-No2.pdf\" data-type=\"link\" data-id=\"http:\/\/www.pops-deutschland.de\/wp-content\/uploads\/2026\/03\/Bulletin-No2.pdf\" target=\"_blank\" rel=\"noreferrer noopener\">>>> Bulletin 2<\/a><br><a href=\"http:\/\/www.pops-deutschland.de\/wp-content\/uploads\/2025\/08\/bulletin-no1_2025.07.26.pdf\" target=\"_blank\" rel=\"noreferrer noopener\">>>> Bulletin 1<\/a><br><a href=\"http:\/\/www.pops-deutschland.de\/wp-content\/uploads\/2025\/08\/Proposal_-2025.04.29_SKY-FORCE-PROPOSAL-TO-HOST-THE-WORLD-POPS-MEET-CHAMPIONSHIP-2026-skompresowany.pdf\" target=\"_blank\" rel=\"noreferrer noopener\">>>> Info 1<\/a><\/p>\n\n\n\n<figure class=\"wp-block-gallery has-nested-images columns-default is-cropped wp-block-gallery-1 is-layout-flex wp-block-gallery-is-layout-flex\">\n<figure data-wp-context=\"{&quot;imageId&quot;:&quot;69de2741a6008&quot;}\" data-wp-interactive=\"core\/image\" data-wp-key=\"69de2741a6008\" class=\"wp-block-image size-large wp-lightbox-container\"><img loading=\"lazy\" decoding=\"async\" width=\"1024\" height=\"575\" data-wp-class--hide=\"state.isContentHidden\" data-wp-class--show=\"state.isContentVisible\" data-wp-init=\"callbacks.setButtonStyles\" data-wp-on--click=\"actions.showLightbox\" data-wp-on--load=\"callbacks.setButtonStyles\" data-wp-on-window--resize=\"callbacks.setButtonStyles\" data-id=\"1082\" src=\"https:\/\/www.pops-deutschland.de\/wp-content\/uploads\/2025\/08\/2026_1-1024x575.jpg\" alt=\"\" class=\"wp-image-1082\" srcset=\"https:\/\/www.pops-deutschland.de\/wp-content\/uploads\/2025\/08\/2026_1-1024x575.jpg 1024w, https:\/\/www.pops-deutschland.de\/wp-content\/uploads\/2025\/08\/2026_1-300x169.jpg 300w, https:\/\/www.pops-deutschland.de\/wp-content\/uploads\/2025\/08\/2026_1-768x432.jpg 768w, https:\/\/www.pops-deutschland.de\/wp-content\/uploads\/2025\/08\/2026_1-1536x863.jpg 1536w, https:\/\/www.pops-deutschland.de\/wp-content\/uploads\/2025\/08\/2026_1-1600x899.jpg 1600w, https:\/\/www.pops-deutschland.de\/wp-content\/uploads\/2025\/08\/2026_1.jpg 2000w\" sizes=\"auto, (max-width: 1024px) 100vw, 1024px\" \/><button\n\t\t\tclass=\"lightbox-trigger\"\n\t\t\ttype=\"button\"\n\t\t\taria-haspopup=\"dialog\"\n\t\t\taria-label=\"Vergr\u00f6\u00dfern\"\n\t\t\tdata-wp-init=\"callbacks.initTriggerButton\"\n\t\t\tdata-wp-on--click=\"actions.showLightbox\"\n\t\t\tdata-wp-style--right=\"state.imageButtonRight\"\n\t\t\tdata-wp-style--top=\"state.imageButtonTop\"\n\t\t>\n\t\t\t<svg xmlns=\"http:\/\/www.w3.org\/2000\/svg\" width=\"12\" height=\"12\" fill=\"none\" viewBox=\"0 0 12 12\">\n\t\t\t\t<path fill=\"#fff\" d=\"M2 0a2 2 0 0 0-2 2v2h1.5V2a.5.5 0 0 1 .5-.5h2V0H2Zm2 10.5H2a.5.5 0 0 1-.5-.5V8H0v2a2 2 0 0 0 2 2h2v-1.5ZM8 12v-1.5h2a.5.5 0 0 0 .5-.5V8H12v2a2 2 0 0 1-2 2H8Zm2-12a2 2 0 0 1 2 2v2h-1.5V2a.5.5 0 0 0-.5-.5H8V0h2Z\" \/>\n\t\t\t<\/svg>\n\t\t<\/button><\/figure>\n\n\n\n<figure data-wp-context=\"{&quot;imageId&quot;:&quot;69de2741a6936&quot;}\" data-wp-interactive=\"core\/image\" data-wp-key=\"69de2741a6936\" class=\"wp-block-image size-large wp-lightbox-container\"><img loading=\"lazy\" decoding=\"async\" width=\"1024\" height=\"575\" data-wp-class--hide=\"state.isContentHidden\" data-wp-class--show=\"state.isContentVisible\" data-wp-init=\"callbacks.setButtonStyles\" data-wp-on--click=\"actions.showLightbox\" data-wp-on--load=\"callbacks.setButtonStyles\" data-wp-on-window--resize=\"callbacks.setButtonStyles\" data-id=\"1081\" src=\"https:\/\/www.pops-deutschland.de\/wp-content\/uploads\/2025\/08\/2026_2-1024x575.jpg\" alt=\"\" class=\"wp-image-1081\" srcset=\"https:\/\/www.pops-deutschland.de\/wp-content\/uploads\/2025\/08\/2026_2-1024x575.jpg 1024w, https:\/\/www.pops-deutschland.de\/wp-content\/uploads\/2025\/08\/2026_2-300x169.jpg 300w, https:\/\/www.pops-deutschland.de\/wp-content\/uploads\/2025\/08\/2026_2-768x432.jpg 768w, https:\/\/www.pops-deutschland.de\/wp-content\/uploads\/2025\/08\/2026_2-1536x863.jpg 1536w, https:\/\/www.pops-deutschland.de\/wp-content\/uploads\/2025\/08\/2026_2-1600x899.jpg 1600w, https:\/\/www.pops-deutschland.de\/wp-content\/uploads\/2025\/08\/2026_2.jpg 2000w\" sizes=\"auto, (max-width: 1024px) 100vw, 1024px\" \/><button\n\t\t\tclass=\"lightbox-trigger\"\n\t\t\ttype=\"button\"\n\t\t\taria-haspopup=\"dialog\"\n\t\t\taria-label=\"Vergr\u00f6\u00dfern\"\n\t\t\tdata-wp-init=\"callbacks.initTriggerButton\"\n\t\t\tdata-wp-on--click=\"actions.showLightbox\"\n\t\t\tdata-wp-style--right=\"state.imageButtonRight\"\n\t\t\tdata-wp-style--top=\"state.imageButtonTop\"\n\t\t>\n\t\t\t<svg xmlns=\"http:\/\/www.w3.org\/2000\/svg\" width=\"12\" height=\"12\" fill=\"none\" viewBox=\"0 0 12 12\">\n\t\t\t\t<path fill=\"#fff\" d=\"M2 0a2 2 0 0 0-2 2v2h1.5V2a.5.5 0 0 1 .5-.5h2V0H2Zm2 10.5H2a.5.5 0 0 1-.5-.5V8H0v2a2 2 0 0 0 2 2h2v-1.5ZM8 12v-1.5h2a.5.5 0 0 0 .5-.5V8H12v2a2 2 0 0 1-2 2H8Zm2-12a2 2 0 0 1 2 2v2h-1.5V2a.5.5 0 0 0-.5-.5H8V0h2Z\" \/>\n\t\t\t<\/svg>\n\t\t<\/button><\/figure>\n<\/figure>\n\n\n\n<hr class=\"wp-block-separator has-alpha-channel-opacity is-style-wide\"\/>\n\n\n\n<figure class=\"wp-block-image size-full\"><img loading=\"lazy\" decoding=\"async\" width=\"102\" height=\"102\" src=\"http:\/\/www.pops-deutschland.de\/wp-content\/uploads\/2023\/07\/LogoA.png\" alt=\"\" class=\"wp-image-1023\"\/><\/figure>\n\n\n\n<h3 class=\"wp-block-heading\">World POPS Meet 2024 in Villarrica, Chile<\/h3>\n\n\n\n<p>Das 16. \u201eWorld POPS Meet and Championship\u201c findet vom <strong>14. Februar 2024 bis 29. Februar 2024<\/strong> in statt Villarrica, Chile statt.<\/p>\n\n\n\n<p><a href=\"https:\/\/www.skydive.ar\" target=\"_blank\" rel=\"noreferrer noopener\">https:\/\/www.skydive.ar<\/a><\/p>\n\n\n\n<p><strong>14. bis 18. Februar 2024:<\/strong> International Water Accuracy Landing<br>Competition<br><strong>14. bis 18. Februar 2024:<\/strong> Training<br><strong>18. bis 29. Februar 2024:<\/strong> World POPS Meet<\/p>\n\n\n\n<ul class=\"wp-block-list\">\n<li><a rel=\"noreferrer noopener\" href=\"https:\/\/www.skydive.ar\/Documents\/WPMCBulletinN1.pdf\" target=\"_blank\">Bulletin #1<\/a><\/li>\n\n\n\n<li><a href=\"http:\/\/www.pops-deutschland.de\/wp-content\/uploads\/2023\/10\/WPMCBulletinN2.pdf\" target=\"_blank\" rel=\"noreferrer noopener\">Bulletin #2<\/a><\/li>\n\n\n\n<li><a href=\"https:\/\/www.skydive.ar\/Contact\/prereg.html\" target=\"_blank\" rel=\"noreferrer noopener\">Pre-Registration Formular<\/a><\/li>\n<\/ul>\n\n\n\n<hr class=\"wp-block-separator has-alpha-channel-opacity is-style-wide\"\/>\n\n\n\n<h3 class=\"wp-block-heading\">World POPS Meet 2022 in Netheravon <\/h3>\n\n\n\n<p><a href=\"https:\/\/www.thepops.org\/2022-netheravon-united-kingdom\" target=\"_blank\" rel=\"noreferrer noopener\">&gt;&gt;&gt; Ergebnisse und Videos<\/a><\/p>\n\n\n\n<p><a href=\"https:\/\/photos.app.goo.gl\/jNEMPK7ig3boZXH78\" target=\"_blank\" rel=\"noreferrer noopener\">&gt;&gt;&gt;  Bilder<\/a><\/p>\n\n\n\n<p>Das 15. World Parachutists Over Phorty Society (POPS) Meet and Championship 2022 findet vom 19. August bis 25. August 2022 in Netheravon, Wiltshire, Gro\u00dfbritannien, statt.<\/p>\n\n\n\n<ul class=\"wp-block-list\">\n<li>19. August: (Trainingsspr\u00fcnge, DZ ist wie gewohnt ge\u00f6ffnet)<\/li>\n\n\n\n<li>19. August: Er\u00f6ffnungszeremonie + Abendessen (BBQ\/Buffett Selbstbedienung)<\/li>\n\n\n\n<li>20. August bis 25. August: Wettkampfspringen (4 Way Scrambles, 4 Way Nationals Open (A-Klasse) und 4 Way Nationals (Rookie), Precision Accuracy, Sports Accuracy, Speed \u200b\u200bStar (Scrambles) und Hit\u2019 n\u2019 Rock)<\/li>\n\n\n\n<li>25. August: letzter Wettkampftag, Abschlusszeremonie + Abendessen (3-G\u00e4nge-Abendessen + Unterhaltung)<\/li>\n\n\n\n<li>26. August: Ruhetag (DZ ist f\u00fcr Teilnehmer geschlossen, damit sich das DZ-Personal auf den normalen Betrieb vorbereiten kann)<\/li>\n\n\n\n<li>27.\/28.\/29. August: (DZ ist normal ge\u00f6ffnet f\u00fcr Spa\u00dfspringen oder Rekordversuche)<\/li>\n<\/ul>\n\n\n\n<p>Bitte nicht vor dem 19. August zur DZ kommen, da es sich um ein aktives Milit\u00e4rlager handelt. F\u00fcr jedes Springen vor oder nach dem oben genannten Datum, m\u00fcssen alle lokalen Geb\u00fchren und Clubmitgliedschaften bezahlt werden.<\/p>\n\n\n\n<p>Die Anmeldegeb\u00fchren sind noch offen<\/p>\n\n\n\n<p>Etwaige bereits gezahlte Einschreibegeb\u00fchren an die andere DZ k\u00f6nnen nicht \u00fcbertragen werden. Bitte wenden direkt an die alte DZ wenden, um eine R\u00fcckerstattung zu erhalten.<\/p>\n\n\n\n<p>AAD\u2019 ist f\u00fcr alle Disziplinen Pflicht<\/p>\n\n\n\n<p><strong><a href=\"https:\/\/thepopsorg.wixsite.com\/ukpops\/worldpopsmeet2022\" target=\"_blank\" rel=\"noreferrer noopener\">&gt;&gt;&gt; weiter<\/a><\/strong><\/p>\n\n\n\n<p><a href=\"https:\/\/www.netheravon.com\/\" target=\"_blank\" rel=\"noreferrer noopener\">&gt;&gt;&gt; Netheravon<\/a><\/p>\n\n\n\n<p><a rel=\"noreferrer noopener\" href=\"https:\/\/www.netheravon.com\/location\/\" target=\"_blank\">&gt;&gt;&gt; Location (How to find us)<\/a><\/p>\n\n\n\n<hr class=\"wp-block-separator has-css-opacity\"\/>\n\n\n\n<hr class=\"wp-block-separator has-text-color has-primary-color has-css-opacity has-primary-background-color has-background is-style-wide\"\/>\n\n\n\n<h3 class=\"wp-block-heading\"><a href=\"https:\/\/www.pops-deutschland.de\/?p=789\">World POPS Meet nochmals verschoben, jetzt 2022 !<\/a><\/h3>\n\n\n\n<h3 class=\"wp-block-heading\">World POPS Meet auf 2021 verschoben<\/h3>\n\n\n\n<p>Die vorl\u00e4ufig geplanten Termine sind:<br>Training: 21. bis 23. Juli 2021<br>Er\u00f6ffnung: 23. Juli 2021<br>Wettbewerb: 24. bis 31. Juli 2021<br>Abschlussfeier: 31. Juli 2021<br><a href=\"https:\/\/popsuk.wixsite.com\/skydiving\/worldpopsmeet2022\" target=\"_blank\" rel=\"noreferrer noopener\">weiterlesen<\/a><\/p>\n\n\n\n<hr class=\"wp-block-separator has-css-opacity\"\/>\n\n\n\n<hr class=\"wp-block-separator has-css-opacity\"\/>\n\n\n\n<h3 class=\"wp-block-heading\">World POPS Meet 2020 in Devon, GB<\/h3>\n\n\n\n<p>vom 8. Aug &#8211; 15. Aug 2020 in Devon, GB bei <a rel=\"noreferrer noopener\" aria-label=\"Skydive Buzz Dunkeswell (\u00f6ffnet in neuem Tab)\" href=\"http:\/\/www.skydiveukltd.com\" target=\"_blank\">Skydive Buzz Dunkeswell<\/a><br> (Team Training vom 05. Aug &#8211; 7. Aug 2020 m\u00f6glich)<br><a rel=\"noreferrer noopener\" aria-label=\"weiterlesen (\u00f6ffnet in neuem Tab)\" href=\"http:\/\/www.pops.org.uk\/events.html\" target=\"_blank\"><\/a><\/p>\n\n\n\n<p><\/p>\n\n\n\n<div class=\"wp-block-button\"><a class=\"wp-block-button__link has-secondary-background-color has-background wp-element-button\" href=\"https:\/\/popsuk.wixsite.com\/skydiving\/worldpopsmeet2022\" target=\"_blank\" rel=\"noreferrer noopener\">Homepage<\/a><\/div>\n\n\n\n<p><\/p>\n\n\n\n<hr class=\"wp-block-separator has-text-color has-primary-color has-css-opacity has-primary-background-color has-background is-style-wide\"\/>\n\n\n\n<p><\/p>\n\n\n\n<h3 class=\"wp-block-heading\">World POPS Meet 2018 in Nagambie\/Australien<\/h3>\n\n\n<div class=\"wp-block-image\">\n<figure class=\"aligncenter\"><img loading=\"lazy\" decoding=\"async\" width=\"351\" height=\"200\" src=\"http:\/\/skydive-haeusler.de\/wp-content\/uploads\/2019\/11\/nagambie.jpg\" alt=\"\" class=\"wp-image-326\" srcset=\"https:\/\/www.pops-deutschland.de\/wp-content\/uploads\/2019\/11\/nagambie.jpg 351w, https:\/\/www.pops-deutschland.de\/wp-content\/uploads\/2019\/11\/nagambie-300x171.jpg 300w\" sizes=\"auto, (max-width: 351px) 100vw, 351px\" \/><\/figure>\n<\/div>\n\n\n<div class=\"wp-block-button\"><a class=\"wp-block-button__link has-secondary-background-color has-background wp-element-button\" href=\"http:\/\/www.pops-deutschland.de\/?p=299\">Ergebnisse<\/a><\/div>\n\n\n\n<p><\/p>\n\n\n\n<hr class=\"wp-block-separator has-text-color has-primary-color has-css-opacity has-primary-background-color has-background is-style-wide\"\/>\n\n\n\n<p><\/p>\n\n\n\n<h3 class=\"wp-block-heading\">World POPS Meet 2016 in Eisenach<\/h3>\n\n\n\n<div class=\"wp-block-group\"><div class=\"wp-block-group__inner-container is-layout-flow wp-block-group-is-layout-flow\">\n<div class=\"wp-block-group\"><div class=\"wp-block-group__inner-container is-layout-flow wp-block-group-is-layout-flow\">\n<div class=\"wp-block-button alignright\"><a class=\"wp-block-button__link has-secondary-background-color has-background wp-element-button\" href=\"https:\/\/www.youtube.com\/playlist?list=PLGQH_C5PqjUD9MAGKfsj73fhIJXEMr0pU\" target=\"_blank\" rel=\"noreferrer noopener\">Videos<\/a><\/div>\n<\/div><\/div>\n\n\n\n<div class=\"wp-block-button\"><a class=\"wp-block-button__link has-secondary-background-color has-background wp-element-button\" href=\"http:\/\/www.pops-deutschland.de\/?p=409\">Ergebnisse<\/a><\/div>\n<\/div><\/div>\n\n\n\n<p><\/p>\n\n\n\n<hr class=\"wp-block-separator has-text-color has-primary-color has-css-opacity has-primary-background-color has-background is-style-wide\"\/>\n\n\n\n<p><\/p>\n\n\n\n<div class=\"wp-block-group\"><div class=\"wp-block-group__inner-container is-layout-flow wp-block-group-is-layout-flow\">\n<h3 class=\"wp-block-heading\">World POPS Meet 2014 in San Juan\/Argentinien<\/h3>\n<\/div><\/div>\n\n\n\n<div class=\"wp-block-button\"><a class=\"wp-block-button__link has-secondary-background-color has-background wp-element-button\" href=\"http:\/\/www.thepops.org\/world\/w2014.php\" target=\"_blank\" rel=\"noreferrer noopener\">Ergebnisse<\/a><\/div>\n\n\n\n<p><\/p>\n\n\n\n<hr class=\"wp-block-separator has-text-color has-primary-color has-css-opacity has-primary-background-color has-background is-style-wide\"\/>\n ","protected":false},"excerpt":{"rendered":"<p>World POPS Meet 2026 in Piotrkow Trybunalski, Polen vom 10. Juni bis 20. Juni bei Sky Force (Piotrkow Trybunalski) >>>&hellip;<\/p>\n","protected":false},"author":1,"featured_media":0,"parent":0,"menu_order":0,"comment_status":"closed","ping_status":"closed","template":"","meta":{"footnotes":""},"class_list":["post-6","page","type-page","status-publish","hentry"],"_links":{"self":[{"href":"https:\/\/www.pops-deutschland.de\/index.php?rest_route=\/wp\/v2\/pages\/6","targetHints":{"allow":["GET"]}}],"collection":[{"href":"https:\/\/www.pops-deutschland.de\/index.php?rest_route=\/wp\/v2\/pages"}],"about":[{"href":"https:\/\/www.pops-deutschland.de\/index.php?rest_route=\/wp\/v2\/types\/page"}],"author":[{"embeddable":true,"href":"https:\/\/www.pops-deutschland.de\/index.php?rest_route=\/wp\/v2\/users\/1"}],"replies":[{"embeddable":true,"href":"https:\/\/www.pops-deutschland.de\/index.php?rest_route=%2Fwp%2Fv2%2Fcomments&post=6"}],"version-history":[{"count":80,"href":"https:\/\/www.pops-deutschland.de\/index.php?rest_route=\/wp\/v2\/pages\/6\/revisions"}],"predecessor-version":[{"id":1151,"href":"https:\/\/www.pops-deutschland.de\/index.php?rest_route=\/wp\/v2\/pages\/6\/revisions\/1151"}],"wp:attachment":[{"href":"https:\/\/www.pops-deutschland.de\/index.php?rest_route=%2Fwp%2Fv2%2Fmedia&parent=6"}],"curies":[{"name":"wp","href":"https:\/\/api.w.org\/{rel}","templated":true}]}}