{"id":20,"date":"2019-10-23T07:09:09","date_gmt":"2019-10-23T07:09:09","guid":{"rendered":"http:\/\/skydive-haeusler.de\/?page_id=20"},"modified":"2026-01-05T10:53:32","modified_gmt":"2026-01-05T09:53:32","slug":"home","status":"publish","type":"page","link":"https:\/\/www.pops-deutschland.de\/","title":{"rendered":"Home"},"content":{"rendered":"\n<p><\/p>\n\n\n\n<p><\/p>\n\n\n<ul class=\"wp-block-latest-posts__list is-grid columns-2 aligncenter wp-block-latest-posts\"><li><a class=\"wp-block-latest-posts__post-title\" href=\"https:\/\/www.pops-deutschland.de\/?p=1146\">World POPS Meet 2026, Bulletin 2<\/a><\/li>\n<li><a class=\"wp-block-latest-posts__post-title\" href=\"https:\/\/www.pops-deutschland.de\/?p=1123\">Zur Homepage das f\u00fcr World POPS Meet 2026 mit Voranmeldung<\/a><\/li>\n<\/ul>\n\n\n<p><\/p>\n\n\n<div class=\"wp-block-image\">\n<figure class=\"aligncenter\"><img loading=\"lazy\" decoding=\"async\" width=\"315\" height=\"200\" src=\"http:\/\/skydive-haeusler.de\/wp-content\/uploads\/2019\/11\/logo.jpg\" alt=\"\" class=\"wp-image-31\" srcset=\"https:\/\/www.pops-deutschland.de\/wp-content\/uploads\/2019\/11\/logo.jpg 315w, https:\/\/www.pops-deutschland.de\/wp-content\/uploads\/2019\/11\/logo-300x190.jpg 300w\" sizes=\"auto, (max-width: 315px) 100vw, 315px\" \/><\/figure>\n<\/div>\n\n\n<iframe loading=\"lazy\" src=\"https:\/\/www.youtube-nocookie.com\/embed\/_DXLPIMjaYc\" allow=\"accelerometer; autoplay; clipboard-write; encrypted-media; gyroscope; picture-in-picture\" allowfullscreen=\"\" width=\"688\" height=\"387\" frameborder=\"0\"><\/iframe>\n\n\n\n<p class=\"has-text-align-center\" style=\"font-size:12px\"><mark style=\"background-color:rgba(0, 0, 0, 0);color:#888888\" class=\"has-inline-color\"> <small><strong>JOS = \u201eJumper Over Seventy\u201c<\/strong><br>1 Springerin, 8 Springer und 1 Videomann flogen diesen Weltrekord bei Fallschirmsport D\u00e4dalus in Eisenach am 5. Juli 2019.<br>Melody, Lyrics, Cut \u00a9 Franky Schnekenburger<br>Mit dem Ansehen des Video stimmen Sie der Zulassung von Cookies zu<\/small><\/mark><\/p>\n\n\n\n<hr class=\"wp-block-separator has-text-color has-primary-color has-css-opacity has-primary-background-color has-background is-style-wide\"\/>\n\n\n<div class=\"wp-block-image\">\n<figure class=\"aligncenter is-resized\"><a href=\"http:\/\/www.pops-deutschland.de\/wp-content\/uploads\/2019\/11\/50.jpeg\"><img loading=\"lazy\" decoding=\"async\" width=\"206\" height=\"206\" src=\"http:\/\/skydive-haeusler.de\/wp-content\/uploads\/2019\/11\/50.jpeg\" alt=\"\" class=\"wp-image-402\" style=\"width:109px;height:109px\" srcset=\"https:\/\/www.pops-deutschland.de\/wp-content\/uploads\/2019\/11\/50.jpeg 206w, https:\/\/www.pops-deutschland.de\/wp-content\/uploads\/2019\/11\/50-150x150.jpeg 150w\" sizes=\"auto, (max-width: 206px) 100vw, 206px\" \/><\/a><\/figure>\n<\/div>\n\n\n<p>Die erste Vereinigung von Fallschirmspringern \u00fcber vierzig, POPS, wurde im Sommer 1966 in den Vereinigten Staaten von Amerika von Lenny Barad gegr\u00fcndet. Mitgliedsvoraussetzungen sind, dass eine Person einen Fallschirmsprung oder ein Tandem gemacht hat und mindestens vierzig Jahre ist.<br>Mittlerweile gibt es bereits in vielen L\u00e4ndern rund um die Welt verteilt POPS-Verb\u00e4nde. Deren Mitglieder treffen sich regelm\u00e4\u00dfig um an Wettk\u00e4mpfen in herk\u00f6mmlichen Fallschirmsport-Disziplinen oder auch Spa\u00df-Wettbewerben teilzunehmen. Sie treffen sich auch um Rekorde zu brechen, um alte Freunde zu sehen und um neue Freundschaften zu kn\u00fcpfen.<br>Kleinere Gruppen innerhalb der POPS sind die SOS &#8211; Skydivers Over Sixty(Springer \u00fcber sechzig), die JOS &#8211; Jumpers Over Seventy (Springer \u00fcber siebzig) und die JOES &#8211; Jumpers Over Eighty Society (Springer \u00fcber achtzig).<br>Seit 1990 kommen die POPS alle zwei Jahre zu einem Welttreffen, dem &#8222;World-Meet&#8220; zusammen.<\/p>\n\n\n\n<figure data-wp-context=\"{&quot;imageId&quot;:&quot;69ef57249df47&quot;}\" data-wp-interactive=\"core\/image\" data-wp-key=\"69ef57249df47\" class=\"wp-block-image size-large wp-lightbox-container\"><img loading=\"lazy\" decoding=\"async\" width=\"1024\" height=\"768\" data-wp-class--hide=\"state.isContentHidden\" data-wp-class--show=\"state.isContentVisible\" data-wp-init=\"callbacks.setButtonStyles\" data-wp-on--click=\"actions.showLightbox\" data-wp-on--load=\"callbacks.setButtonStyles\" data-wp-on-window--resize=\"callbacks.setButtonStyles\" src=\"http:\/\/www.pops-deutschland.de\/wp-content\/uploads\/2025\/08\/2022_1-1-1024x768.jpg\" alt=\"World POPS Meet 2022 in Netheravon, Gro\u00dfbritannien\" class=\"wp-image-1098\" srcset=\"https:\/\/www.pops-deutschland.de\/wp-content\/uploads\/2025\/08\/2022_1-1-1024x768.jpg 1024w, https:\/\/www.pops-deutschland.de\/wp-content\/uploads\/2025\/08\/2022_1-1-300x225.jpg 300w, https:\/\/www.pops-deutschland.de\/wp-content\/uploads\/2025\/08\/2022_1-1-768x576.jpg 768w, https:\/\/www.pops-deutschland.de\/wp-content\/uploads\/2025\/08\/2022_1-1-1536x1152.jpg 1536w, https:\/\/www.pops-deutschland.de\/wp-content\/uploads\/2025\/08\/2022_1-1-2048x1536.jpg 2048w, https:\/\/www.pops-deutschland.de\/wp-content\/uploads\/2025\/08\/2022_1-1-1600x1200.jpg 1600w\" sizes=\"auto, (max-width: 1024px) 100vw, 1024px\" \/><button\n\t\t\tclass=\"lightbox-trigger\"\n\t\t\ttype=\"button\"\n\t\t\taria-haspopup=\"dialog\"\n\t\t\taria-label=\"Vergr\u00f6\u00dfern\"\n\t\t\tdata-wp-init=\"callbacks.initTriggerButton\"\n\t\t\tdata-wp-on--click=\"actions.showLightbox\"\n\t\t\tdata-wp-style--right=\"state.imageButtonRight\"\n\t\t\tdata-wp-style--top=\"state.imageButtonTop\"\n\t\t>\n\t\t\t<svg xmlns=\"http:\/\/www.w3.org\/2000\/svg\" width=\"12\" height=\"12\" fill=\"none\" viewBox=\"0 0 12 12\">\n\t\t\t\t<path fill=\"#fff\" d=\"M2 0a2 2 0 0 0-2 2v2h1.5V2a.5.5 0 0 1 .5-.5h2V0H2Zm2 10.5H2a.5.5 0 0 1-.5-.5V8H0v2a2 2 0 0 0 2 2h2v-1.5ZM8 12v-1.5h2a.5.5 0 0 0 .5-.5V8H12v2a2 2 0 0 1-2 2H8Zm2-12a2 2 0 0 1 2 2v2h-1.5V2a.5.5 0 0 0-.5-.5H8V0h2Z\" \/>\n\t\t\t<\/svg>\n\t\t<\/button><figcaption class=\"wp-element-caption\">Team Deutschland beim World POPS Meet 2022 in Netheravon, Gro\u00dfbritannien<\/figcaption><\/figure>\n\n\n\n<p>Die bisherigen Austragungsorte waren:<\/p>\n\n\n\n<ul class=\"wp-block-list\">\n<li>1990 Australien<\/li>\n\n\n\n<li>1993 Umatila in Florida USA, bei Skydive Orlando<\/li>\n\n\n\n<li>1995 Ampuriabrava in Spanien<\/li>\n\n\n\n<li>1997 Aqaba in Jordanien, mit dem Royal Jordanian Parachute Club<\/li>\n\n\n\n<li>1999 Chilliwack, Kanada<\/li>\n\n\n\n<li>2002 Matamata in Neuseeland<\/li>\n\n\n\n<li>2004 Gruyere in der Schweiz<\/li>\n\n\n\n<li>2006 Eloy in Arizona USA bei Skydive Arizona<\/li>\n\n\n\n<li>2008 Toogoolawah, Australien bei Skydive Ramblers<\/li>\n\n\n\n<li>2010 Reggio Emilia, Italien<\/li>\n\n\n\n<li>2012 Teuge, Holland<\/li>\n\n\n\n<li>2014 San Juan, Argentinien<\/li>\n\n\n\n<li>2016 Eisenach, Deutschland<\/li>\n\n\n\n<li>2018 Nagambie, Australien <\/li>\n\n\n\n<li>2020 in Devon, GB bei <a aria-label=\"Skydive Buzz Dunkeswell (\u00f6ffnet in neuem Tab)\" href=\"http:\/\/www.skydiveukltd.com\/\" target=\"_blank\" rel=\"noreferrer noopener\">Skydive Buzz Dunkeswell<\/a> (verschoben auf 2022)<\/li>\n\n\n\n<li>2022 bei <a rel=\"noreferrer noopener\" href=\"https:\/\/www.netheravon.com\/\" target=\"_blank\">Skydive Netheravon<\/a>, Wiltshire, Gro\u00dfbritannien<\/li>\n\n\n\n<li>2024 in Villarrica, Chile (abgesagt)<\/li>\n\n\n\n<li>&#8230; und 2026 in Piotrkow Trybunalski (Polen) bei <a href=\"https:\/\/pops.skyforce.pl\/en\/pops-championship\/\" target=\"_blank\" rel=\"noreferrer noopener\">Sky Force<\/a><\/li>\n<\/ul>\n\n\n\n<p align=\"center\"> \n<!-- START ADVERTISER: Jochen Schweizer Erlebnisgeschenke DE from awin.com -->\n<a href=\"https:\/\/www.awin1.com\/cread.php?s=2179567&amp;v=11717&amp;q=339198&amp;r=660163\" target=\"_blank\" rel=\"noopener noreferrer\">\n    <img decoding=\"async\" src=\"https:\/\/www.awin1.com\/cshow.php?s=2179567&amp;v=11717&amp;q=339198&amp;r=660163\" border=\"0\">\n<\/a>\n<!-- END ADVERTISER: Jochen Schweizer Erlebnisgeschenke DE from awin.com -->\n<\/p>\n\n\n\n<h3 class=\"wp-block-heading\">POPS Deutschland<\/h3>\n\n\n\n<p>1977 fand in Deutschland das erste POPS-Treffen statt. Auf POPS Meets wird immer mehr von den Teilnehmern eine POPS Nummer verlangt.<br>\n1994 in Hoogeveen Holland beschlossen 17 deutsche Fallschirmspringer \u00fcber 40, dass wir in Deutschland POPS-Nummern einf\u00fchren, aber keinen Verein gr\u00fcnden.<\/p>\n\n\n\n<p>Ein Freiwilliger, der die paar Nummern verteilt, wurde schnell bestimmt:\ufeff\ufeff<\/p>\n\n\n\n<p>Volker Cornils<br>02.08.1948<br>Ahornweg 13<br>52080 Aachen<br>Kontakt:<br>Telefon: +49 171 4264922<br>E-Mail: volker@pops-deutschland.de<\/p>\n\n\n\n<p>springt seit 1973 aus intakten Flugger\u00e4ten, 2.500 plus Spr\u00fcnge;<br>kein fester Sprungplatz;<br>Teilnehmer an 14 von 15 World POPS-Meets;<br>hat bis zum 31.12.2025<br>&#8211; 447 POPS-Nummern<br>&#8211; 189 SOS-Nummern<br>&#8211; 78 JOS-Nummern<br>&#8211; 24 JOES-Nummern<br>&#8211; 2 JONS-Nummern<br>verteilt!<\/p>\n\n\n\n<p>Kontakt als Top POP Deutschland h\u00e4lt er mit 29 POPS-L\u00e4ndern W\u00e4hrend des POPS-Wettbewerbs 2008 in Hoogeveen, Niederlande wurde Volker Cornils vom 1. Vorsitzenden der Sportfachgruppe Fallschirmsport im DAeC Eddy Theisen mit dem Otto-Lilienthal-Diplom des DAeC f\u00fcr mehrj\u00e4hrige nachhaltige F\u00f6rderung des DAeC, seinen Gliederungen, der Luftfahrt und des Luftsports geehrt.<br>Das Mitglied des Deutschen Fallschirmsportverbandes Volker Cornils f\u00fchrt seit 1994 ehrenamtlich als Top-POP die beitragsfreie verbandsneutrale Nonprofit Organisation der deutschen POPS (Parachutists over Phorty Society).<\/p>\n\n\n\n<p><\/p>\n ","protected":false},"excerpt":{"rendered":"<p>JOS = \u201eJumper Over Seventy\u201c1 Springerin, 8 Springer und 1 Videomann flogen diesen Weltrekord bei Fallschirmsport D\u00e4dalus in Eisenach am&hellip;<\/p>\n","protected":false},"author":1,"featured_media":0,"parent":0,"menu_order":0,"comment_status":"closed","ping_status":"closed","template":"","meta":{"footnotes":""},"class_list":["post-20","page","type-page","status-publish","hentry"],"_links":{"self":[{"href":"https:\/\/www.pops-deutschland.de\/index.php?rest_route=\/wp\/v2\/pages\/20","targetHints":{"allow":["GET"]}}],"collection":[{"href":"https:\/\/www.pops-deutschland.de\/index.php?rest_route=\/wp\/v2\/pages"}],"about":[{"href":"https:\/\/www.pops-deutschland.de\/index.php?rest_route=\/wp\/v2\/types\/page"}],"author":[{"embeddable":true,"href":"https:\/\/www.pops-deutschland.de\/index.php?rest_route=\/wp\/v2\/users\/1"}],"replies":[{"embeddable":true,"href":"https:\/\/www.pops-deutschland.de\/index.php?rest_route=%2Fwp%2Fv2%2Fcomments&post=20"}],"version-history":[{"count":111,"href":"https:\/\/www.pops-deutschland.de\/index.php?rest_route=\/wp\/v2\/pages\/20\/revisions"}],"predecessor-version":[{"id":1131,"href":"https:\/\/www.pops-deutschland.de\/index.php?rest_route=\/wp\/v2\/pages\/20\/revisions\/1131"}],"wp:attachment":[{"href":"https:\/\/www.pops-deutschland.de\/index.php?rest_route=%2Fwp%2Fv2%2Fmedia&parent=20"}],"curies":[{"name":"wp","href":"https:\/\/api.w.org\/{rel}","templated":true}]}}